{"id":6337,"date":"2019-02-08T13:28:48","date_gmt":"2019-02-08T19:28:48","guid":{"rendered":"http:\/\/www.procom-inc.net\/?page_id=6337"},"modified":"2019-02-08T13:37:11","modified_gmt":"2019-02-08T19:37:11","slug":"colaboracion-con-la-justicia","status":"publish","type":"page","link":"https:\/\/www.procom-inc.net\/en\/informacion-legal\/colaboracion-con-la-justicia\/","title":{"rendered":"Collaboration with Justice"},"content":{"rendered":"<p>En cumplimiento a lo dispuesto en el ACUERDO MEDIANTE EL CUAL EL PLENO DEL INSTITUTO FEDERAL DE TELECOMUNICACIONES EXPIDE LOS LINEAMIENTOS DE COLABORACI\u00d3N EN MATERIA DE SEGURIDAD Y JUSTICIA Y MODIFICA EL PLAN T\u00c9CNICO FUNDAMENTAL DE NUMERACI\u00d3N, PUBLICADO EN EL DIARIO OFICIAL DE LA FEDERACI\u00d3N EL 21 DE JUNIO DE 1996\u201d y publicado en el Diario Oficial de la Federaci\u00f3n el 2 de diciembre de 2015 (el \u201cAcuerdo\u201d), en este acto se informa a las Autoridades Facultadas y\/o Designadas lo siguiente:<\/p>\n<p>\u00c1rea Responsable: Direcci\u00f3n Legal, con correo electr\u00f3nico sales@procom-inc.net, tel\u00e9fono (55)4744 3898<\/p>\n<p>DOMICILIO PARA RECIBIR DOCUMENTACI\u00d3N F\u00cdSICA: Reforma 2345 int 202, Lomas de Reforma Miguel Hidalgo, CP 11000, CDMX<\/p>\n","protected":false},"excerpt":{"rendered":"<p>En cumplimiento a lo dispuesto en el ACUERDO MEDIANTE EL CUAL EL PLENO DEL INSTITUTO FEDERAL DE TELECOMUNICACIONES EXPIDE LOS LINEAMIENTOS DE COLABORACI\u00d3N EN MATERIA DE SEGURIDAD Y JUSTICIA Y MODIFICA EL PLAN T\u00c9CNICO FUNDAMENTAL DE NUMERACI\u00d3N, PUBLICADO EN EL DIARIO OFICIAL DE LA FEDERACI\u00d3N EL 21 DE JUNIO DE 1996\u201d y publicado en el [&hellip;]<\/p>\n","protected":false},"author":2,"featured_media":0,"parent":4984,"menu_order":24,"comment_status":"closed","ping_status":"closed","template":"","meta":[],"yoast_head":"<!-- This site is optimized with the Yoast SEO plugin v19.4 - https:\/\/yoast.com\/wordpress\/plugins\/seo\/ -->\n<title>Collaboration with Justice - Procom Communications<\/title>\n<meta name=\"robots\" content=\"index, follow, max-snippet:-1, max-image-preview:large, max-video-preview:-1\" \/>\n<link rel=\"canonical\" href=\"https:\/\/www.procom-inc.net\/informacion-legal\/colaboracion-con-la-justicia\/\" \/>\n<meta property=\"og:locale\" content=\"en_US\" \/>\n<meta property=\"og:type\" content=\"article\" \/>\n<meta property=\"og:title\" content=\"Collaboration with Justice - Procom Communications\" \/>\n<meta property=\"og:description\" content=\"En cumplimiento a lo dispuesto en el ACUERDO MEDIANTE EL CUAL EL PLENO DEL INSTITUTO FEDERAL DE TELECOMUNICACIONES EXPIDE LOS LINEAMIENTOS DE COLABORACI\u00d3N EN MATERIA DE SEGURIDAD Y JUSTICIA Y MODIFICA EL PLAN T\u00c9CNICO FUNDAMENTAL DE NUMERACI\u00d3N, PUBLICADO EN EL DIARIO OFICIAL DE LA FEDERACI\u00d3N EL 21 DE JUNIO DE 1996\u201d y publicado en el [&hellip;]\" \/>\n<meta property=\"og:url\" content=\"https:\/\/www.procom-inc.net\/informacion-legal\/colaboracion-con-la-justicia\/\" \/>\n<meta property=\"og:site_name\" content=\"Procom Communications\" \/>\n<meta property=\"article:modified_time\" content=\"2019-02-08T19:37:11+00:00\" \/>\n<meta name=\"twitter:label1\" content=\"Est. reading time\" \/>\n\t<meta name=\"twitter:data1\" content=\"1 minute\" \/>\n<script type=\"application\/ld+json\" class=\"yoast-schema-graph\">{\"@context\":\"https:\/\/schema.org\",\"@graph\":[{\"@type\":\"WebSite\",\"@id\":\"https:\/\/www.procom-inc.net\/#website\",\"url\":\"https:\/\/www.procom-inc.net\/\",\"name\":\"Procom Communications\",\"description\":\"Your partner in VoIP, Massive SMS and lP-PBX\",\"potentialAction\":[{\"@type\":\"SearchAction\",\"target\":{\"@type\":\"EntryPoint\",\"urlTemplate\":\"https:\/\/www.procom-inc.net\/?s={search_term_string}\"},\"query-input\":\"required name=search_term_string\"}],\"inLanguage\":\"en-US\"},{\"@type\":\"WebPage\",\"@id\":\"https:\/\/www.procom-inc.net\/informacion-legal\/colaboracion-con-la-justicia\/\",\"url\":\"https:\/\/www.procom-inc.net\/informacion-legal\/colaboracion-con-la-justicia\/\",\"name\":\"Collaboration with Justice - Procom Communications\",\"isPartOf\":{\"@id\":\"https:\/\/www.procom-inc.net\/#website\"},\"datePublished\":\"2019-02-08T19:28:48+00:00\",\"dateModified\":\"2019-02-08T19:37:11+00:00\",\"breadcrumb\":{\"@id\":\"https:\/\/www.procom-inc.net\/informacion-legal\/colaboracion-con-la-justicia\/#breadcrumb\"},\"inLanguage\":\"en-US\",\"potentialAction\":[{\"@type\":\"ReadAction\",\"target\":[\"https:\/\/www.procom-inc.net\/informacion-legal\/colaboracion-con-la-justicia\/\"]}]},{\"@type\":\"BreadcrumbList\",\"@id\":\"https:\/\/www.procom-inc.net\/informacion-legal\/colaboracion-con-la-justicia\/#breadcrumb\",\"itemListElement\":[{\"@type\":\"ListItem\",\"position\":1,\"name\":\"Portada\",\"item\":\"https:\/\/www.procom-inc.net\/\"},{\"@type\":\"ListItem\",\"position\":2,\"name\":\"Informaci\u00f3n Legal\",\"item\":\"https:\/\/www.procom-inc.net\/informacion-legal\/\"},{\"@type\":\"ListItem\",\"position\":3,\"name\":\"Colaboraci\u00f3n con la Justicia\"}]}]}<\/script>\n<!-- \/ Yoast SEO plugin. -->","yoast_head_json":{"title":"Collaboration with Justice - Procom Communications","robots":{"index":"index","follow":"follow","max-snippet":"max-snippet:-1","max-image-preview":"max-image-preview:large","max-video-preview":"max-video-preview:-1"},"canonical":"https:\/\/www.procom-inc.net\/informacion-legal\/colaboracion-con-la-justicia\/","og_locale":"en_US","og_type":"article","og_title":"Collaboration with Justice - Procom Communications","og_description":"En cumplimiento a lo dispuesto en el ACUERDO MEDIANTE EL CUAL EL PLENO DEL INSTITUTO FEDERAL DE TELECOMUNICACIONES EXPIDE LOS LINEAMIENTOS DE COLABORACI\u00d3N EN MATERIA DE SEGURIDAD Y JUSTICIA Y MODIFICA EL PLAN T\u00c9CNICO FUNDAMENTAL DE NUMERACI\u00d3N, PUBLICADO EN EL DIARIO OFICIAL DE LA FEDERACI\u00d3N EL 21 DE JUNIO DE 1996\u201d y publicado en el [&hellip;]","og_url":"https:\/\/www.procom-inc.net\/informacion-legal\/colaboracion-con-la-justicia\/","og_site_name":"Procom Communications","article_modified_time":"2019-02-08T19:37:11+00:00","twitter_misc":{"Est. reading time":"1 minute"},"schema":{"@context":"https:\/\/schema.org","@graph":[{"@type":"WebSite","@id":"https:\/\/www.procom-inc.net\/#website","url":"https:\/\/www.procom-inc.net\/","name":"Procom Communications","description":"Your partner in VoIP, Massive SMS and lP-PBX","potentialAction":[{"@type":"SearchAction","target":{"@type":"EntryPoint","urlTemplate":"https:\/\/www.procom-inc.net\/?s={search_term_string}"},"query-input":"required name=search_term_string"}],"inLanguage":"en-US"},{"@type":"WebPage","@id":"https:\/\/www.procom-inc.net\/informacion-legal\/colaboracion-con-la-justicia\/","url":"https:\/\/www.procom-inc.net\/informacion-legal\/colaboracion-con-la-justicia\/","name":"Collaboration with Justice - Procom Communications","isPartOf":{"@id":"https:\/\/www.procom-inc.net\/#website"},"datePublished":"2019-02-08T19:28:48+00:00","dateModified":"2019-02-08T19:37:11+00:00","breadcrumb":{"@id":"https:\/\/www.procom-inc.net\/informacion-legal\/colaboracion-con-la-justicia\/#breadcrumb"},"inLanguage":"en-US","potentialAction":[{"@type":"ReadAction","target":["https:\/\/www.procom-inc.net\/informacion-legal\/colaboracion-con-la-justicia\/"]}]},{"@type":"BreadcrumbList","@id":"https:\/\/www.procom-inc.net\/informacion-legal\/colaboracion-con-la-justicia\/#breadcrumb","itemListElement":[{"@type":"ListItem","position":1,"name":"Portada","item":"https:\/\/www.procom-inc.net\/"},{"@type":"ListItem","position":2,"name":"Informaci\u00f3n Legal","item":"https:\/\/www.procom-inc.net\/informacion-legal\/"},{"@type":"ListItem","position":3,"name":"Colaboraci\u00f3n con la Justicia"}]}]}},"_links":{"self":[{"href":"https:\/\/www.procom-inc.net\/en\/wp-json\/wp\/v2\/pages\/6337"}],"collection":[{"href":"https:\/\/www.procom-inc.net\/en\/wp-json\/wp\/v2\/pages"}],"about":[{"href":"https:\/\/www.procom-inc.net\/en\/wp-json\/wp\/v2\/types\/page"}],"author":[{"embeddable":true,"href":"https:\/\/www.procom-inc.net\/en\/wp-json\/wp\/v2\/users\/2"}],"replies":[{"embeddable":true,"href":"https:\/\/www.procom-inc.net\/en\/wp-json\/wp\/v2\/comments?post=6337"}],"version-history":[{"count":2,"href":"https:\/\/www.procom-inc.net\/en\/wp-json\/wp\/v2\/pages\/6337\/revisions"}],"predecessor-version":[{"id":6340,"href":"https:\/\/www.procom-inc.net\/en\/wp-json\/wp\/v2\/pages\/6337\/revisions\/6340"}],"up":[{"embeddable":true,"href":"https:\/\/www.procom-inc.net\/en\/wp-json\/wp\/v2\/pages\/4984"}],"wp:attachment":[{"href":"https:\/\/www.procom-inc.net\/en\/wp-json\/wp\/v2\/media?parent=6337"}],"curies":[{"name":"wp","href":"https:\/\/api.w.org\/{rel}","templated":true}]}}