{"id":2776,"date":"2013-01-21T19:10:06","date_gmt":"2013-01-22T01:10:06","guid":{"rendered":"http:\/\/theme-fusion.com\/avada\/?page_id=2776"},"modified":"2017-12-15T12:52:11","modified_gmt":"2017-12-15T18:52:11","slug":"acerca-de-procom","status":"publish","type":"page","link":"https:\/\/www.procom-inc.net\/en\/acerca-de-procom\/","title":{"rendered":"About PROCOM"},"content":{"rendered":"<p><div class=\"fusion-fullwidth fullwidth-box nonhundred-percent-fullwidth non-hundred-percent-height-scrolling\"  style='background-color: rgba(255,255,255,0);background-position: center center;background-repeat: no-repeat;padding-top:0px;padding-right:0px;padding-bottom:0px;padding-left:0px;'><div class=\"fusion-builder-row fusion-row \"><div  class=\"fusion-layout-column fusion_builder_column fusion_builder_column_1_2  fusion-one-half fusion-column-first 1_2\"  style='margin-top:0px;margin-bottom:20px;width:50%;width:calc(50% - ( ( 4% ) * 0.5 ) );margin-right: 4%;'>\n\t\t\t\t\t<div class=\"fusion-column-wrapper\" style=\"padding: 0px 0px 0px 0px;background-position:left top;background-repeat:no-repeat;-webkit-background-size:cover;-moz-background-size:cover;-o-background-size:cover;background-size:cover;\"  data-bg-url=\"\">\n\t\t\t\t\t\t<div class=\"fusion-text\"><h3>Who are We<\/h3>\n<p><strong>PROCOM<\/strong> is a telecommunications company with the most experienced team in the field and the determination to provide the best service at the most competitive rates in the market. The PROCOM team has years of experience in all our service areas.<\/p>\n<h3>Our Mission<\/h3>\n<p>Our mission is to provide you with the best Telecom service in the area you need. Our team has the necessary capacity and experience to offer you the solutions that you and your business require.<\/p>\n<\/div><div class=\"fusion-clearfix\"><\/div>\n\n\t\t\t\t\t<\/div>\n\t\t\t\t<\/div><div  class=\"fusion-layout-column fusion_builder_column fusion_builder_column_1_2  fusion-one-half fusion-column-last 1_2\"  style='margin-top:0px;margin-bottom:20px;width:50%;width:calc(50% - ( ( 4% ) * 0.5 ) );'>\n\t\t\t\t\t<div class=\"fusion-column-wrapper\" style=\"padding: 0px 0px 0px 0px;background-position:left top;background-repeat:no-repeat;-webkit-background-size:cover;-moz-background-size:cover;-o-background-size:cover;background-size:cover;\"  data-bg-url=\"\">\n\t\t\t\t\t\t<div class=\"fusion-text\"><div style=\"width: 1100px;\" class=\"wp-video\"><video class=\"wp-video-shortcode\" id=\"video-2776-2\" width=\"1100\" height=\"619\" autoplay=\"1\" preload=\"auto\" controls=\"controls\"><source type=\"video\/mp4\" src=\"http:\/\/www.procom-inc.net\/wp-content\/uploads\/2017\/12\/procom.mp4?_=2\" \/><a href=\"http:\/\/www.procom-inc.net\/wp-content\/uploads\/2017\/12\/procom.mp4\">http:\/\/www.procom-inc.net\/wp-content\/uploads\/2017\/12\/procom.mp4<\/a><\/video><\/div>\n<\/div><div class=\"fusion-clearfix\"><\/div>\n\n\t\t\t\t\t<\/div>\n\t\t\t\t<\/div><div  class=\"fusion-layout-column fusion_builder_column fusion_builder_column_1_1  fusion-one-full fusion-column-first fusion-column-last 1_1\"  style='margin-top:0px;margin-bottom:20px;'>\n\t\t\t\t\t<div class=\"fusion-column-wrapper\" style=\"padding: 0px 0px 0px 0px;background-position:left top;background-repeat:no-repeat;-webkit-background-size:cover;-moz-background-size:cover;-o-background-size:cover;background-size:cover;\"  data-bg-url=\"\">\n\t\t\t\t\t\t<div class=\"fusion-sep-clear\"><\/div><div class=\"fusion-separator fusion-full-width-sep sep-single sep-solid\" style=\"border-color:#cbd0d6;border-top-width:1px;margin-left: auto;margin-right: auto;margin-top:60px;margin-bottom:60px;\"><span class=\"icon-wrapper\" style=\"border-color:#cbd0d6;\"><i class=\"fa fa-trophy\" style=\"color:#cbd0d6;\"><\/i><\/span><\/div><div class=\"fusion-content-boxes content-boxes columns row fusion-columns-2 fusion-columns-total-2 fusion-content-boxes-2 content-boxes-clean-vertical content-left content-boxes-icon-on-top\" data-animationOffset=\"100%\" style=\"margin-top:40px;margin-bottom:40px;\"><style type=\"text\/css\" scoped=\"scoped\">.fusion-content-boxes-2 .heading h2{color:#2f435b;}\n\t\t\t\t\t.fusion-content-boxes-2 .fusion-content-box-hover .link-area-link-icon-hover .heading h2,\n\t\t\t\t\t.fusion-content-boxes-2 .fusion-content-box-hover .link-area-link-icon-hover .heading .heading-link h2,\n\t\t\t\t\t.fusion-content-boxes-2 .fusion-content-box-hover .link-area-box-hover .heading h2,\n\t\t\t\t\t.fusion-content-boxes-2 .fusion-content-box-hover .link-area-box-hover .heading .heading-link h2,\n\t\t\t\t\t.fusion-content-boxes-2 .fusion-content-box-hover .link-area-link-icon-hover.link-area-box .fusion-read-more,\n\t\t\t\t\t.fusion-content-boxes-2 .fusion-content-box-hover .link-area-link-icon-hover.link-area-box .fusion-read-more::after,\n\t\t\t\t\t.fusion-content-boxes-2 .fusion-content-box-hover .link-area-link-icon-hover.link-area-box .fusion-read-more::before,\n\t\t\t\t\t.fusion-content-boxes-2 .fusion-content-box-hover .fusion-read-more:hover:after,\n\t\t\t\t\t.fusion-content-boxes-2 .fusion-content-box-hover .fusion-read-more:hover:before,\n\t\t\t\t\t.fusion-content-boxes-2 .fusion-content-box-hover .fusion-read-more:hover,\n\t\t\t\t\t.fusion-content-boxes-2 .fusion-content-box-hover .link-area-box-hover.link-area-box .fusion-read-more,\n\t\t\t\t\t.fusion-content-boxes-2 .fusion-content-box-hover .link-area-box-hover.link-area-box .fusion-read-more::after,\n\t\t\t\t\t.fusion-content-boxes-2 .fusion-content-box-hover .link-area-box-hover.link-area-box .fusion-read-more::before,\n\t\t\t\t\t.fusion-content-boxes-2 .fusion-content-box-hover .link-area-link-icon-hover .icon .circle-no,\n\t\t\t\t\t.fusion-content-boxes-2 .heading .heading-link:hover .content-box-heading {\n\t\t\t\t\t\tcolor: #ff6600;\n\t\t\t\t\t}\n\t\t\t\t\t.fusion-content-boxes-2 .fusion-content-box-hover .link-area-box-hover .icon .circle-no {\n\t\t\t\t\t\tcolor: #ff6600 !important;\n\t\t\t\t\t}.fusion-content-boxes-2 .fusion-content-box-hover .link-area-box.link-area-box-hover .fusion-content-box-button {background: #2f435b;color: #fff;}.fusion-content-boxes-2 .fusion-content-box-hover .link-area-box.link-area-box-hover .fusion-content-box-button .fusion-button-text {color: #fff;}\n\t\t\t\t\t.fusion-content-boxes-2 .fusion-content-box-hover .link-area-link-icon-hover .heading .icon > span {\n\t\t\t\t\t\tbackground-color: transparent !important;\n\t\t\t\t\t}\n\t\t\t\t\t.fusion-content-boxes-2 .fusion-content-box-hover .link-area-box-hover .heading .icon > span {\n\t\t\t\t\t\tborder-color: #ff6600 !important;\n\t\t\t\t\t}<\/style><div style=\"border-color:rgba(255,255,255,0);\" class=\"fusion-column content-box-column content-box-column content-box-column-1 col-lg-6 col-md-6 col-sm-6 fusion-content-box-hover  content-box-column-first-in-row\"><div class=\"col content-wrapper-background link-area-link-icon link-type-text icon-hover-animation-slide fusion-animated\" style=\"background-color:#eaecee;\" data-animationType=\"fadeInRight\" data-animationDuration=\"0.2\" data-animationOffset=\"100%\"><div class=\"heading heading-with-icon icon-left\"><a class=\"heading-link\" href=\"http:\/\/www.procom-inc.net\/acerca-de-procom\/clientes\/\" target=\"_self\"><div class=\"image\"><img src=\"http:\/\/www.procom-inc.net\/wp-content\/uploads\/2017\/12\/procom-i-friend.svg\" width=\"120\" height=\"120\" alt=\"\" \/><\/div><h2 class=\"content-box-heading\" style=\"font-size:24px;line-height:29px;\">Clientes<\/h2><\/a><\/div><div class=\"fusion-clearfix\"><\/div><div class=\"content-container\" style=\"color:#97a1ad;\">\n<p>These companies have allowed us to provide successful solutions in communication, connectivity and professional services.<\/p>\n<\/div><div class=\"fusion-clearfix\"><\/div><a class=\"fusion-read-more\" href=\"http:\/\/www.procom-inc.net\/acerca-de-procom\/clientes\/\" target=\"_self\">Read more<\/a><div class=\"fusion-clearfix\"><\/div><\/div><\/div><div style=\"border-color:rgba(255,255,255,0);\" class=\"fusion-column content-box-column content-box-column content-box-column-2 col-lg-6 col-md-6 col-sm-6 fusion-content-box-hover  content-box-column-last content-box-column-last-in-row\"><div class=\"col content-wrapper-background link-area-link-icon link-type-text icon-hover-animation-slide fusion-animated\" style=\"background-color:#eaecee;\" data-animationType=\"fadeInLeft\" data-animationDuration=\"0.4\" data-animationOffset=\"100%\"><div class=\"heading heading-with-icon icon-left\"><a class=\"heading-link\" href=\"http:\/\/www.procom-inc.net\/acerca-de-procom\/alianzas\/\" target=\"_self\"><div class=\"image\"><img src=\"http:\/\/www.procom-inc.net\/wp-content\/uploads\/2017\/12\/procom-i-alliance.svg\" width=\"120\" height=\"120\" alt=\"\" \/><\/div><h2 class=\"content-box-heading\" style=\"font-size:24px;line-height:29px;\">Alianzas<\/h2><\/a><\/div><div class=\"fusion-clearfix\"><\/div><div class=\"content-container\" style=\"color:#97a1ad;\">\n<p>The successful realization of our services would not be possible without the alliance with leading companies in the industry..<\/p>\n<\/div><div class=\"fusion-clearfix\"><\/div><a class=\"fusion-read-more\" href=\"http:\/\/www.procom-inc.net\/acerca-de-procom\/alianzas\/\" target=\"_self\">Read more<\/a><div class=\"fusion-clearfix\"><\/div><\/div><\/div><div class=\"fusion-clearfix\"><\/div><style type=\"text\/css\" scoped=\"scoped\">\n\t\t\t\t\t\t.fusion-content-boxes-2 .fusion-content-box-hover .heading-link:hover .icon i.circle-yes,\n\t\t\t\t\t\t.fusion-content-boxes-2 .fusion-content-box-hover .link-area-box:hover .heading-link .icon i.circle-yes,\n\t\t\t\t\t\t.fusion-content-boxes-2 .fusion-content-box-hover .link-area-link-icon-hover .heading .icon i.circle-yes,\n\t\t\t\t\t\t.fusion-content-boxes-2 .fusion-content-box-hover .link-area-box-hover .heading .icon i.circle-yes {\n\t\t\t\t\t\t\tbackground-color: transparent !important;\n\t\t\t\t\t\t\tborder-color: #ff6600 !important;\n\t\t\t\t\t\t}<\/style><div class=\"fusion-clearfix\"><\/div><\/div><div class=\"fusion-clearfix\"><\/div>\n\n\t\t\t\t\t<\/div>\n\t\t\t\t<\/div><\/div><\/div><\/p>","protected":false},"excerpt":{"rendered":"","protected":false},"author":2,"featured_media":0,"parent":0,"menu_order":13,"comment_status":"closed","ping_status":"closed","template":"","meta":[],"yoast_head":"<!-- This site is optimized with the Yoast SEO plugin v19.4 - https:\/\/yoast.com\/wordpress\/plugins\/seo\/ -->\n<title>About PROCOM - Procom Communications<\/title>\n<meta name=\"description\" content=\"PROCOM provee el mejor servicio de telecomunicaci\u00f3n en el \u00e1rea que usted y su negocio necesiten: Servicios de telefon\u00eda, Internet, SMS, prepagos, y m\u00e1s.\" \/>\n<meta name=\"robots\" content=\"index, follow, max-snippet:-1, max-image-preview:large, max-video-preview:-1\" \/>\n<link rel=\"canonical\" href=\"https:\/\/www.procom-inc.net\/acerca-de-procom\/\" \/>\n<meta property=\"og:locale\" content=\"en_US\" \/>\n<meta property=\"og:type\" content=\"article\" \/>\n<meta property=\"og:title\" content=\"About PROCOM - Procom Communications\" \/>\n<meta property=\"og:description\" content=\"PROCOM provee el mejor servicio de telecomunicaci\u00f3n en el \u00e1rea que usted y su negocio necesiten: Servicios de telefon\u00eda, Internet, SMS, prepagos, y m\u00e1s.\" \/>\n<meta property=\"og:url\" content=\"https:\/\/www.procom-inc.net\/acerca-de-procom\/\" \/>\n<meta property=\"og:site_name\" content=\"Procom Communications\" \/>\n<meta property=\"article:modified_time\" content=\"2017-12-15T18:52:11+00:00\" \/>\n<meta name=\"twitter:label1\" content=\"Est. reading time\" \/>\n\t<meta name=\"twitter:data1\" content=\"7 minutes\" \/>\n<script type=\"application\/ld+json\" class=\"yoast-schema-graph\">{\"@context\":\"https:\/\/schema.org\",\"@graph\":[{\"@type\":\"WebSite\",\"@id\":\"https:\/\/www.procom-inc.net\/#website\",\"url\":\"https:\/\/www.procom-inc.net\/\",\"name\":\"Procom Communications\",\"description\":\"Your partner in VoIP, Massive SMS and lP-PBX\",\"potentialAction\":[{\"@type\":\"SearchAction\",\"target\":{\"@type\":\"EntryPoint\",\"urlTemplate\":\"https:\/\/www.procom-inc.net\/?s={search_term_string}\"},\"query-input\":\"required name=search_term_string\"}],\"inLanguage\":\"en-US\"},{\"@type\":\"WebPage\",\"@id\":\"https:\/\/www.procom-inc.net\/acerca-de-procom\/\",\"url\":\"https:\/\/www.procom-inc.net\/acerca-de-procom\/\",\"name\":\"About PROCOM - Procom Communications\",\"isPartOf\":{\"@id\":\"https:\/\/www.procom-inc.net\/#website\"},\"datePublished\":\"2013-01-22T01:10:06+00:00\",\"dateModified\":\"2017-12-15T18:52:11+00:00\",\"description\":\"PROCOM provee el mejor servicio de telecomunicaci\u00f3n en el \u00e1rea que usted y su negocio necesiten: Servicios de telefon\u00eda, Internet, SMS, prepagos, y m\u00e1s.\",\"breadcrumb\":{\"@id\":\"https:\/\/www.procom-inc.net\/acerca-de-procom\/#breadcrumb\"},\"inLanguage\":\"en-US\",\"potentialAction\":[{\"@type\":\"ReadAction\",\"target\":[\"https:\/\/www.procom-inc.net\/acerca-de-procom\/\"]}]},{\"@type\":\"BreadcrumbList\",\"@id\":\"https:\/\/www.procom-inc.net\/acerca-de-procom\/#breadcrumb\",\"itemListElement\":[{\"@type\":\"ListItem\",\"position\":1,\"name\":\"Portada\",\"item\":\"https:\/\/www.procom-inc.net\/\"},{\"@type\":\"ListItem\",\"position\":2,\"name\":\"Acerca de PROCOM\"}]}]}<\/script>\n<!-- \/ Yoast SEO plugin. -->","yoast_head_json":{"title":"About PROCOM - Procom Communications","description":"PROCOM provee el mejor servicio de telecomunicaci\u00f3n en el \u00e1rea que usted y su negocio necesiten: Servicios de telefon\u00eda, Internet, SMS, prepagos, y m\u00e1s.","robots":{"index":"index","follow":"follow","max-snippet":"max-snippet:-1","max-image-preview":"max-image-preview:large","max-video-preview":"max-video-preview:-1"},"canonical":"https:\/\/www.procom-inc.net\/acerca-de-procom\/","og_locale":"en_US","og_type":"article","og_title":"About PROCOM - Procom Communications","og_description":"PROCOM provee el mejor servicio de telecomunicaci\u00f3n en el \u00e1rea que usted y su negocio necesiten: Servicios de telefon\u00eda, Internet, SMS, prepagos, y m\u00e1s.","og_url":"https:\/\/www.procom-inc.net\/acerca-de-procom\/","og_site_name":"Procom Communications","article_modified_time":"2017-12-15T18:52:11+00:00","twitter_misc":{"Est. reading time":"7 minutes"},"schema":{"@context":"https:\/\/schema.org","@graph":[{"@type":"WebSite","@id":"https:\/\/www.procom-inc.net\/#website","url":"https:\/\/www.procom-inc.net\/","name":"Procom Communications","description":"Your partner in VoIP, Massive SMS and lP-PBX","potentialAction":[{"@type":"SearchAction","target":{"@type":"EntryPoint","urlTemplate":"https:\/\/www.procom-inc.net\/?s={search_term_string}"},"query-input":"required name=search_term_string"}],"inLanguage":"en-US"},{"@type":"WebPage","@id":"https:\/\/www.procom-inc.net\/acerca-de-procom\/","url":"https:\/\/www.procom-inc.net\/acerca-de-procom\/","name":"About PROCOM - Procom Communications","isPartOf":{"@id":"https:\/\/www.procom-inc.net\/#website"},"datePublished":"2013-01-22T01:10:06+00:00","dateModified":"2017-12-15T18:52:11+00:00","description":"PROCOM provee el mejor servicio de telecomunicaci\u00f3n en el \u00e1rea que usted y su negocio necesiten: Servicios de telefon\u00eda, Internet, SMS, prepagos, y m\u00e1s.","breadcrumb":{"@id":"https:\/\/www.procom-inc.net\/acerca-de-procom\/#breadcrumb"},"inLanguage":"en-US","potentialAction":[{"@type":"ReadAction","target":["https:\/\/www.procom-inc.net\/acerca-de-procom\/"]}]},{"@type":"BreadcrumbList","@id":"https:\/\/www.procom-inc.net\/acerca-de-procom\/#breadcrumb","itemListElement":[{"@type":"ListItem","position":1,"name":"Portada","item":"https:\/\/www.procom-inc.net\/"},{"@type":"ListItem","position":2,"name":"Acerca de PROCOM"}]}]}},"_links":{"self":[{"href":"https:\/\/www.procom-inc.net\/en\/wp-json\/wp\/v2\/pages\/2776"}],"collection":[{"href":"https:\/\/www.procom-inc.net\/en\/wp-json\/wp\/v2\/pages"}],"about":[{"href":"https:\/\/www.procom-inc.net\/en\/wp-json\/wp\/v2\/types\/page"}],"author":[{"embeddable":true,"href":"https:\/\/www.procom-inc.net\/en\/wp-json\/wp\/v2\/users\/2"}],"replies":[{"embeddable":true,"href":"https:\/\/www.procom-inc.net\/en\/wp-json\/wp\/v2\/comments?post=2776"}],"version-history":[{"count":11,"href":"https:\/\/www.procom-inc.net\/en\/wp-json\/wp\/v2\/pages\/2776\/revisions"}],"predecessor-version":[{"id":6009,"href":"https:\/\/www.procom-inc.net\/en\/wp-json\/wp\/v2\/pages\/2776\/revisions\/6009"}],"wp:attachment":[{"href":"https:\/\/www.procom-inc.net\/en\/wp-json\/wp\/v2\/media?parent=2776"}],"curies":[{"name":"wp","href":"https:\/\/api.w.org\/{rel}","templated":true}]}}